{"id":5370,"date":"2022-06-01T22:17:28","date_gmt":"2022-06-01T20:17:28","guid":{"rendered":"https:\/\/artex-studio.de\/?post_type=product&#038;p=5370"},"modified":"2025-12-17T12:36:33","modified_gmt":"2025-12-17T10:36:33","slug":"gutschein-malkurs-1","status":"publish","type":"product","link":"https:\/\/artex-studio.de\/en\/product\/gutschein-malkurs-1\/","title":{"rendered":"Gutschein Malkurs +1"},"content":{"rendered":"<h2><span class=\"ez-toc-section\" id=\"Geschenk-Gutschein_fur_Malkurs1_Olmalerei_2_Personen_-1_Bild_im_Wert_von_195-_E\"><\/span>Geschenk-Gutschein f\u00fcr Malkurs+1 (\u00d6lmalerei: 2 Personen -1 Bild) im Wert von 195,- \u20ac<span class=\"ez-toc-section-end\"><\/span><\/h2>\n<p>Der Gutschein wird per E-Mail versendet und nach Zahlungseingang aktiviert. Oder Sie bekommen einen Download-Link.<\/p>\n<div class=\"elementor-icon-box-content\">\n<h3 class=\"elementor-icon-box-title\"><span class=\"ez-toc-section\" id=\"Ein_Gemalde_zu_zweit_Olmalerei_fur_Paare_Wochenend-Kurs_fur_Anfanger_und_Fortgeschrittene\"><\/span><strong>Ein Gem\u00e4lde zu zweit : \u00d6lmalerei f\u00fcr Paare<\/strong> : Wochenend-Kurs f\u00fcr Anf\u00e4nger und Fortgeschrittene<span class=\"ez-toc-section-end\"><\/span><\/h3>\n<div><i>Ziel: Sie malen zu zweit an einem Bild. <\/i><\/div>\n<div><i>Dauer: 2 Tage je 3 Stunden. <\/i> Wir malen vom Foto und lernen dabei die Besonderheiten der \u00d6lmalerei, wie Luftperspektive, Kompositionsaufbau etc.. Sie k\u00f6nnen gern eigene Fotos mitbringen.<br \/>\nMaximale Bildgr\u00f6\u00dfe: 40 x 50 cm.<\/div>\n<div><\/div>\n<div class=\"elementor-column elementor-col-50 elementor-top-column elementor-element elementor-element-6eec5c8\" data-id=\"6eec5c8\" data-element_type=\"column\">\n<div class=\"elementor-column-wrap elementor-element-populated\">\n<div class=\"elementor-widget-wrap\">\n<div class=\"elementor-element elementor-element-e79de3a elementor-widget elementor-widget-text-editor\" data-id=\"e79de3a\" data-element_type=\"widget\" data-widget_type=\"text-editor.default\">\n<div class=\"elementor-widget-container\">\n<div class=\"elementor-text-editor elementor-clearfix\">\n<p>Sie bekommen eine Leinwand 40 x 50 cm. \u2028Andere Materialien werden zur Verf\u00fcgung gestellt: \u00d6lfarben, Pinsel, Malmittel, Lappen etc.<\/p>\n<p>Gutschein-Kaufpreis: 195,- \u20ac zuz\u00fcglich 2,- \u20ac Bearbeitugsgeb\u00fchr = 197,- \u20ac<br \/>\nDer Gutschein darf (auch als Anzahlung) f\u00fcr einen anderen Kurs von Artex-Studio verwendet werden.<\/p>\n<div class=\"elementor-text-editor elementor-clearfix\">\n<p>Termine bitte per e-mail vereinbaren<br \/>\n<a href=\"mailto:info@artex-studio.de\">info@artex-studio.de<\/a><\/p>\n<\/div>\n<p><strong>G\u00fcltigkeit-Zeitraum f\u00fcr Gutscheine :<\/strong> Gutscheine f\u00fcr einen kompletten Kurs gelten 1 (ein) Jahr ab dem Kauf in voller H\u00f6he. Danach kann der Betrag evtl. als Anzahlung f\u00fcr die m\u00f6glicherweise ver\u00e4nderte Kursgeb\u00fchr angenommen werden (maximal jedoch 1 (ein) Jahr nach dem Ablauf des ersten Jahres). <br data-rich-text-line-break=\"true\" \/>Gutscheine mit anderen Betr\u00e4gen werden generell 1 (ein) Jahr nach dem Kauf als Anzahlung f\u00fcr Kurse angenommen.<br data-rich-text-line-break=\"true\" \/>Es gilt das Recht der Bundesrepublik Deutschland.<\/p>\n<\/div>\n<\/div>\n<\/div>\n<\/div>\n<\/div>\n<\/div>\n<\/div>\n<div id=\"ez-toc-container\" class=\"ez-toc-v2_0_82_2 counter-hierarchy ez-toc-counter ez-toc-grey ez-toc-container-direction\">\n<div class=\"ez-toc-title-container\">\n<p class=\"ez-toc-title\" style=\"cursor:inherit\">Table of Contents<\/p>\n<span class=\"ez-toc-title-toggle\"><a href=\"#\" class=\"ez-toc-pull-right ez-toc-btn ez-toc-btn-xs ez-toc-btn-default ez-toc-toggle\" aria-label=\"Toggle Table of Content\"><span class=\"ez-toc-js-icon-con\"><span class=\"\"><span class=\"eztoc-hide\" style=\"display:none;\">Toggle<\/span><span class=\"ez-toc-icon-toggle-span\"><svg style=\"fill: #999;color:#999\" xmlns=\"http:\/\/www.w3.org\/2000\/svg\" class=\"list-377408\" width=\"20px\" height=\"20px\" viewbox=\"0 0 24 24\" fill=\"none\"><path d=\"M6 6H4v2h2V6zm14 0H8v2h12V6zM4 11h2v2H4v-2zm16 0H8v2h12v-2zM4 16h2v2H4v-2zm16 0H8v2h12v-2z\" fill=\"currentColor\"><\/path><\/svg><svg style=\"fill: #999;color:#999\" class=\"arrow-unsorted-368013\" xmlns=\"http:\/\/www.w3.org\/2000\/svg\" width=\"10px\" height=\"10px\" viewbox=\"0 0 24 24\" version=\"1.2\" baseprofile=\"tiny\"><path d=\"M18.2 9.3l-6.2-6.3-6.2 6.3c-.2.2-.3.4-.3.7s.1.5.3.7c.2.2.4.3.7.3h11c.3 0 .5-.1.7-.3.2-.2.3-.5.3-.7s-.1-.5-.3-.7zM5.8 14.7l6.2 6.3 6.2-6.3c.2-.2.3-.5.3-.7s-.1-.5-.3-.7c-.2-.2-.4-.3-.7-.3h-11c-.3 0-.5.1-.7.3-.2.2-.3.5-.3.7s.1.5.3.7z\"\/><\/svg><\/span><\/span><\/span><\/a><\/span><\/div>\n<nav><ul class='ez-toc-list ez-toc-list-level-1 eztoc-toggle-hide-by-default' ><li class='ez-toc-page-1 ez-toc-heading-level-2'><a class=\"ez-toc-link ez-toc-heading-1\" href=\"https:\/\/artex-studio.de\/en\/product\/gutschein-malkurs-1\/#Geschenk-Gutschein_fur_Malkurs1_Olmalerei_2_Personen_-1_Bild_im_Wert_von_195-_E\" >Geschenk-Gutschein f\u00fcr Malkurs+1 (\u00d6lmalerei: 2 Personen -1 Bild) im Wert von 195,- \u20ac<\/a><ul class='ez-toc-list-level-3' ><li class='ez-toc-heading-level-3'><a class=\"ez-toc-link ez-toc-heading-2\" href=\"https:\/\/artex-studio.de\/en\/product\/gutschein-malkurs-1\/#Ein_Gemalde_zu_zweit_Olmalerei_fur_Paare_Wochenend-Kurs_fur_Anfanger_und_Fortgeschrittene\" >Ein Gem\u00e4lde zu zweit : \u00d6lmalerei f\u00fcr Paare : Wochenend-Kurs f\u00fcr Anf\u00e4nger und Fortgeschrittene<\/a><\/li><\/ul><\/li><\/ul><\/nav><\/div>","protected":false},"excerpt":{"rendered":"<h2>Gutschein f\u00fcr einen Malkurs+1 (\u00d6lmalerei: 2 Personen &#8211; 1 Bild) im Wert von 195,- \u20ac<\/h2>\n<div class=\"elementor-icon-box-content\">\n<h4>(zuz. 2,- \u20ac Bearbeitungsgeb\u00fchr)<\/h4>\n<h3>Der Gutschein wird\u00a0 nach Zahlungseingang aktiviert und per E-Mail \u00fcbermittelt. Oder Sie bekommen einen Download-Link.<\/h3>\n<h3 class=\"elementor-icon-box-title\"><strong>Ein Gem\u00e4lde zu zweit : \u00d6lmalerei f\u00fcr Paare<\/strong> : Wochenend-Kurs f\u00fcr Anf\u00e4nger und Fortgeschrittene<\/h3>\n<p>Kurs-Dauer: 2 Tage je ca. 3 Stunden. \u2028Preis f\u00fcr 2 Personen: 195,00 \u20ac<\/p>\n<div class=\"elementor-column elementor-col-50 elementor-top-column elementor-element elementor-element-6eec5c8\" data-id=\"6eec5c8\" data-element_type=\"column\">\n<div class=\"elementor-column-wrap elementor-element-populated\">\n<div class=\"elementor-widget-wrap\">\n<div class=\"elementor-element elementor-element-e79de3a elementor-widget elementor-widget-text-editor\" data-id=\"e79de3a\" data-element_type=\"widget\" data-widget_type=\"text-editor.default\">\n<div class=\"elementor-widget-container\">\n<div class=\"elementor-text-editor elementor-clearfix\">\n<p>Sie bekommen eine Leinwand 40 x 50 cm. \u2028Andere Materialien werden zur Verf\u00fcgung gestellt: \u00d6lfarben, Pinsel, Malmittel, Lappen etc.<\/p>\n<\/div>\n<\/div>\n<\/div>\n<\/div>\n<\/div>\n<\/div>\n<\/div>","protected":false},"featured_media":0,"comment_status":"open","ping_status":"closed","template":"","meta":{"ocean_post_layout":"","ocean_both_sidebars_style":"","ocean_both_sidebars_content_width":0,"ocean_both_sidebars_sidebars_width":0,"ocean_sidebar":"0","ocean_second_sidebar":"0","ocean_disable_margins":"enable","ocean_add_body_class":"","ocean_shortcode_before_top_bar":"","ocean_shortcode_after_top_bar":"","ocean_shortcode_before_header":"","ocean_shortcode_after_header":"","ocean_has_shortcode":"","ocean_shortcode_after_title":"","ocean_shortcode_before_footer_widgets":"","ocean_shortcode_after_footer_widgets":"","ocean_shortcode_before_footer_bottom":"","ocean_shortcode_after_footer_bottom":"","ocean_display_top_bar":"default","ocean_display_header":"default","ocean_header_style":"","ocean_center_header_left_menu":"0","ocean_custom_header_template":"0","ocean_custom_logo":0,"ocean_custom_retina_logo":0,"ocean_custom_logo_max_width":0,"ocean_custom_logo_tablet_max_width":0,"ocean_custom_logo_mobile_max_width":0,"ocean_custom_logo_max_height":0,"ocean_custom_logo_tablet_max_height":0,"ocean_custom_logo_mobile_max_height":0,"ocean_header_custom_menu":"0","ocean_menu_typo_font_family":"0","ocean_menu_typo_font_subset":"","ocean_menu_typo_font_size":0,"ocean_menu_typo_font_size_tablet":0,"ocean_menu_typo_font_size_mobile":0,"ocean_menu_typo_font_size_unit":"px","ocean_menu_typo_font_weight":"","ocean_menu_typo_font_weight_tablet":"","ocean_menu_typo_font_weight_mobile":"","ocean_menu_typo_transform":"","ocean_menu_typo_transform_tablet":"","ocean_menu_typo_transform_mobile":"","ocean_menu_typo_line_height":0,"ocean_menu_typo_line_height_tablet":0,"ocean_menu_typo_line_height_mobile":0,"ocean_menu_typo_line_height_unit":"","ocean_menu_typo_spacing":0,"ocean_menu_typo_spacing_tablet":0,"ocean_menu_typo_spacing_mobile":0,"ocean_menu_typo_spacing_unit":"","ocean_menu_link_color":"","ocean_menu_link_color_hover":"","ocean_menu_link_color_active":"","ocean_menu_link_background":"","ocean_menu_link_hover_background":"","ocean_menu_link_active_background":"","ocean_menu_social_links_bg":"","ocean_menu_social_hover_links_bg":"","ocean_menu_social_links_color":"","ocean_menu_social_hover_links_color":"","ocean_disable_title":"default","ocean_disable_heading":"default","ocean_post_title":"","ocean_post_subheading":"","ocean_post_title_style":"","ocean_post_title_background_color":"","ocean_post_title_background":0,"ocean_post_title_bg_image_position":"","ocean_post_title_bg_image_attachment":"","ocean_post_title_bg_image_repeat":"","ocean_post_title_bg_image_size":"","ocean_post_title_height":0,"ocean_post_title_bg_overlay":0.5,"ocean_post_title_bg_overlay_color":"","ocean_disable_breadcrumbs":"default","ocean_breadcrumbs_color":"","ocean_breadcrumbs_separator_color":"","ocean_breadcrumbs_links_color":"","ocean_breadcrumbs_links_hover_color":"","ocean_display_footer_widgets":"default","ocean_display_footer_bottom":"default","ocean_custom_footer_template":"0"},"product_brand":[],"product_cat":[255,235,148],"product_tag":[256,258,150],"class_list":{"0":"post-5370","1":"product","2":"type-product","3":"status-publish","5":"product_cat-gutscheine","6":"product_cat-gemaelde","7":"product_cat-oelmalerei","8":"product_tag-malkurs-gutschein","9":"product_tag-malkurs","10":"product_tag-oelmalerei","12":"entry","14":"first","15":"instock","16":"downloadable","17":"virtual","18":"purchasable","19":"product-type-simple","20":"has-product-nav","21":"col","22":"span_1_of_3","23":"owp-content-center","24":"owp-thumbs-layout-horizontal","25":"owp-btn-normal","26":"owp-tabs-layout-horizontal","27":"has-no-thumbnails"},"jetpack_sharing_enabled":true,"_links":{"self":[{"href":"https:\/\/artex-studio.de\/en\/wp-json\/wp\/v2\/product\/5370","targetHints":{"allow":["GET"]}}],"collection":[{"href":"https:\/\/artex-studio.de\/en\/wp-json\/wp\/v2\/product"}],"about":[{"href":"https:\/\/artex-studio.de\/en\/wp-json\/wp\/v2\/types\/product"}],"replies":[{"embeddable":true,"href":"https:\/\/artex-studio.de\/en\/wp-json\/wp\/v2\/comments?post=5370"}],"version-history":[{"count":5,"href":"https:\/\/artex-studio.de\/en\/wp-json\/wp\/v2\/product\/5370\/revisions"}],"predecessor-version":[{"id":22342,"href":"https:\/\/artex-studio.de\/en\/wp-json\/wp\/v2\/product\/5370\/revisions\/22342"}],"wp:attachment":[{"href":"https:\/\/artex-studio.de\/en\/wp-json\/wp\/v2\/media?parent=5370"}],"wp:term":[{"taxonomy":"product_brand","embeddable":true,"href":"https:\/\/artex-studio.de\/en\/wp-json\/wp\/v2\/product_brand?post=5370"},{"taxonomy":"product_cat","embeddable":true,"href":"https:\/\/artex-studio.de\/en\/wp-json\/wp\/v2\/product_cat?post=5370"},{"taxonomy":"product_tag","embeddable":true,"href":"https:\/\/artex-studio.de\/en\/wp-json\/wp\/v2\/product_tag?post=5370"}],"curies":[{"name":"wp","href":"https:\/\/api.w.org\/{rel}","templated":true}]}}