{"id":22831,"date":"2025-12-21T22:38:52","date_gmt":"2025-12-21T20:38:52","guid":{"rendered":"https:\/\/artex-studio.de\/?post_type=product&#038;p=22831"},"modified":"2025-12-21T23:25:01","modified_gmt":"2025-12-21T21:25:01","slug":"gutschein-fuer-aquarell-we","status":"publish","type":"product","link":"https:\/\/artex-studio.de\/en\/product\/gutschein-fuer-aquarell-we\/","title":{"rendered":"Gutschein f\u00fcr Aquarell Wochenende"},"content":{"rendered":"<h2><span class=\"ez-toc-section\" id=\"Geschenk-Gutschein_fur_Malkurs_%E2%80%9EAquarell_WE%E2%80%9C_ohne_Material_im_Wert_von_80-_E\"><\/span>Geschenk-Gutschein f\u00fcr Malkurs &#8222;Aquarell WE&#8220; ohne Material im Wert von 80,- \u20ac<span class=\"ez-toc-section-end\"><\/span><\/h2>\n<p>Der Gutschein wird per E-Mail versendet und nach Zahlungseingang aktiviert. Oder Sie bekommen einen Download-Link.<\/p>\n<div class=\"elementor-icon-box-content\">\n<h3 class=\"elementor-icon-box-title\"><span class=\"ez-toc-section\" id=\"Aquarellmalerei_Wochenendkurs_oder_2_Termine_Ihrer_Wahl_Kurs_ca_25_Stunden_pro_Termin_Anfanger_und_Fortgeschrittene\"><\/span>Aquarellmalerei Wochenendkurs (oder 2 Termine Ihrer Wahl) Kurs<i><b> (ca. 2,5 Stunden pro Termin). <\/b><\/i>(Anf\u00e4nger und Fortgeschrittene).<span class=\"ez-toc-section-end\"><\/span><\/h3>\n<h4><i><b>Sie bringen ihr eigenes Material mit: Aquarellfarben, Papier, Aquarellpinsel<br \/>\n<\/b><\/i><\/h4>\n<p>Sie lernen Aquarelltechniken kennen und malen ein von Ihnen ausgew\u00e4hltes Motiv nach gestellten Aufgaben.<\/p>\n<p>Kurs-Dauer: ca. 2,5 Stunden, Kursgeb\u00fchr: 80,00 \u20ac<\/p>\n<p>Sie bringen Aquarell-Papier ca. A5 und andere Materialien mit: Farben, Pinsel, Malmittel, Lappen etc.<\/p>\n<p>Gutschein-Kaufpreis: 80,- \u20ac zuz\u00fcglich 2,- \u20ac Bearbeitungsgeb\u00fchr = 82,- \u20ac<\/p>\n<p>Der Gutschein darf (auch als Anzahlung) f\u00fcr einen anderen Kurs von Artex-Studio verwendet werden.<\/p>\n<p>Termine bitte per e-mail vereinbaren : <a href=\"mailto:info@artex-studio.de\">info@artex-studio.de<\/a><\/p>\n<div class=\"elementor-column elementor-col-50 elementor-top-column elementor-element elementor-element-6eec5c8\" data-id=\"6eec5c8\" data-element_type=\"column\">\n<div class=\"elementor-column-wrap elementor-element-populated\">\n<div class=\"elementor-widget-wrap\">\n<div class=\"elementor-element elementor-element-e79de3a elementor-widget elementor-widget-text-editor\" data-id=\"e79de3a\" data-element_type=\"widget\" data-widget_type=\"text-editor.default\">\n<div class=\"elementor-widget-container\">\n<p><strong>G\u00fcltigkeit-Zeitraum f\u00fcr Gutscheine :<\/strong> Gutscheine f\u00fcr einen kompletten Kurs gelten 1 (ein) Jahr ab dem Kauf in voller H\u00f6he. Danach kann der Betrag evtl. als Anzahlung f\u00fcr die m\u00f6glicherweise ver\u00e4nderte Kursgeb\u00fchr angenommen werden (maximal jedoch 1 (ein) Jahr nach dem Ablauf des ersten Jahres). <br data-rich-text-line-break=\"true\" \/>Gutscheine mit anderen Betr\u00e4gen werden generell 1 (ein) Jahr nach dem Kauf als Anzahlung f\u00fcr Kurse angenommen.<br data-rich-text-line-break=\"true\" \/>Es gilt das Recht der Bundesrepublik Deutschland.<\/p>\n<\/div>\n<\/div>\n<\/div>\n<\/div>\n<\/div>\n<\/div>\n<div id=\"ez-toc-container\" class=\"ez-toc-v2_0_82_2 counter-hierarchy ez-toc-counter ez-toc-grey ez-toc-container-direction\">\n<div class=\"ez-toc-title-container\">\n<p class=\"ez-toc-title\" style=\"cursor:inherit\">Table of Contents<\/p>\n<span class=\"ez-toc-title-toggle\"><a href=\"#\" class=\"ez-toc-pull-right ez-toc-btn ez-toc-btn-xs ez-toc-btn-default ez-toc-toggle\" aria-label=\"Toggle Table of Content\"><span class=\"ez-toc-js-icon-con\"><span class=\"\"><span class=\"eztoc-hide\" style=\"display:none;\">Toggle<\/span><span class=\"ez-toc-icon-toggle-span\"><svg style=\"fill: #999;color:#999\" xmlns=\"http:\/\/www.w3.org\/2000\/svg\" class=\"list-377408\" width=\"20px\" height=\"20px\" viewbox=\"0 0 24 24\" fill=\"none\"><path d=\"M6 6H4v2h2V6zm14 0H8v2h12V6zM4 11h2v2H4v-2zm16 0H8v2h12v-2zM4 16h2v2H4v-2zm16 0H8v2h12v-2z\" fill=\"currentColor\"><\/path><\/svg><svg style=\"fill: #999;color:#999\" class=\"arrow-unsorted-368013\" xmlns=\"http:\/\/www.w3.org\/2000\/svg\" width=\"10px\" height=\"10px\" viewbox=\"0 0 24 24\" version=\"1.2\" baseprofile=\"tiny\"><path d=\"M18.2 9.3l-6.2-6.3-6.2 6.3c-.2.2-.3.4-.3.7s.1.5.3.7c.2.2.4.3.7.3h11c.3 0 .5-.1.7-.3.2-.2.3-.5.3-.7s-.1-.5-.3-.7zM5.8 14.7l6.2 6.3 6.2-6.3c.2-.2.3-.5.3-.7s-.1-.5-.3-.7c-.2-.2-.4-.3-.7-.3h-11c-.3 0-.5.1-.7.3-.2.2-.3.5-.3.7s.1.5.3.7z\"\/><\/svg><\/span><\/span><\/span><\/a><\/span><\/div>\n<nav><ul class='ez-toc-list ez-toc-list-level-1 eztoc-toggle-hide-by-default' ><li class='ez-toc-page-1 ez-toc-heading-level-2'><a class=\"ez-toc-link ez-toc-heading-1\" href=\"https:\/\/artex-studio.de\/en\/product\/gutschein-fuer-aquarell-we\/#Geschenk-Gutschein_fur_Malkurs_%E2%80%9EAquarell_WE%E2%80%9C_ohne_Material_im_Wert_von_80-_E\" >Geschenk-Gutschein f\u00fcr Malkurs &#8222;Aquarell WE&#8220; ohne Material im Wert von 80,- \u20ac<\/a><ul class='ez-toc-list-level-3' ><li class='ez-toc-heading-level-3'><a class=\"ez-toc-link ez-toc-heading-2\" href=\"https:\/\/artex-studio.de\/en\/product\/gutschein-fuer-aquarell-we\/#Aquarellmalerei_Wochenendkurs_oder_2_Termine_Ihrer_Wahl_Kurs_ca_25_Stunden_pro_Termin_Anfanger_und_Fortgeschrittene\" >Aquarellmalerei Wochenendkurs (oder 2 Termine Ihrer Wahl) Kurs (ca. 2,5 Stunden pro Termin). (Anf\u00e4nger und Fortgeschrittene).<\/a><\/li><\/ul><\/li><\/ul><\/nav><\/div>","protected":false},"excerpt":{"rendered":"<h2>Gutschein f\u00fcr einen Wochenend-Aquarell-Malkurs (oder Aquarellkurs an 2 Terminen Ihrer Wahl) im Wert von 80,- \u20ac<\/h2>\n<div class=\"elementor-icon-box-content\">\n<h4>(zuz. 2,- \u20ac Bearbeitungsgeb\u00fchr)<\/h4>\n<h3>Der Gutschein wird\u00a0 nach Zahlungseingang aktiviert und per E-Mail \u00fcbermittelt. Oder Sie bekommen einen Download-Link.<\/h3>\n<h4><b>Jeder Termin<i> dauert ca. 2,5 Stunden. Mitzubringen ist Ihr eigenes Material: Aquarellfarben, Papier, Aquarell-Pinsel.<\/i><\/b><br \/>\nF\u00fcr Anf\u00e4nger und Fortgeschrittene geeignet.<\/h4>\n<\/div>","protected":false},"featured_media":8112,"comment_status":"open","ping_status":"closed","template":"","meta":{"ocean_post_layout":"","ocean_both_sidebars_style":"","ocean_both_sidebars_content_width":0,"ocean_both_sidebars_sidebars_width":0,"ocean_sidebar":"0","ocean_second_sidebar":"0","ocean_disable_margins":"enable","ocean_add_body_class":"","ocean_shortcode_before_top_bar":"","ocean_shortcode_after_top_bar":"","ocean_shortcode_before_header":"","ocean_shortcode_after_header":"","ocean_has_shortcode":"","ocean_shortcode_after_title":"","ocean_shortcode_before_footer_widgets":"","ocean_shortcode_after_footer_widgets":"","ocean_shortcode_before_footer_bottom":"","ocean_shortcode_after_footer_bottom":"","ocean_display_top_bar":"default","ocean_display_header":"default","ocean_header_style":"","ocean_center_header_left_menu":"0","ocean_custom_header_template":"0","ocean_custom_logo":0,"ocean_custom_retina_logo":0,"ocean_custom_logo_max_width":0,"ocean_custom_logo_tablet_max_width":0,"ocean_custom_logo_mobile_max_width":0,"ocean_custom_logo_max_height":0,"ocean_custom_logo_tablet_max_height":0,"ocean_custom_logo_mobile_max_height":0,"ocean_header_custom_menu":"0","ocean_menu_typo_font_family":"0","ocean_menu_typo_font_subset":"","ocean_menu_typo_font_size":0,"ocean_menu_typo_font_size_tablet":0,"ocean_menu_typo_font_size_mobile":0,"ocean_menu_typo_font_size_unit":"px","ocean_menu_typo_font_weight":"","ocean_menu_typo_font_weight_tablet":"","ocean_menu_typo_font_weight_mobile":"","ocean_menu_typo_transform":"","ocean_menu_typo_transform_tablet":"","ocean_menu_typo_transform_mobile":"","ocean_menu_typo_line_height":0,"ocean_menu_typo_line_height_tablet":0,"ocean_menu_typo_line_height_mobile":0,"ocean_menu_typo_line_height_unit":"","ocean_menu_typo_spacing":0,"ocean_menu_typo_spacing_tablet":0,"ocean_menu_typo_spacing_mobile":0,"ocean_menu_typo_spacing_unit":"","ocean_menu_link_color":"","ocean_menu_link_color_hover":"","ocean_menu_link_color_active":"","ocean_menu_link_background":"","ocean_menu_link_hover_background":"","ocean_menu_link_active_background":"","ocean_menu_social_links_bg":"","ocean_menu_social_hover_links_bg":"","ocean_menu_social_links_color":"","ocean_menu_social_hover_links_color":"","ocean_disable_title":"default","ocean_disable_heading":"default","ocean_post_title":"","ocean_post_subheading":"","ocean_post_title_style":"","ocean_post_title_background_color":"","ocean_post_title_background":0,"ocean_post_title_bg_image_position":"","ocean_post_title_bg_image_attachment":"","ocean_post_title_bg_image_repeat":"","ocean_post_title_bg_image_size":"","ocean_post_title_height":0,"ocean_post_title_bg_overlay":0.5,"ocean_post_title_bg_overlay_color":"","ocean_disable_breadcrumbs":"default","ocean_breadcrumbs_color":"","ocean_breadcrumbs_separator_color":"","ocean_breadcrumbs_links_color":"","ocean_breadcrumbs_links_hover_color":"","ocean_display_footer_widgets":"default","ocean_display_footer_bottom":"default","ocean_custom_footer_template":"0"},"product_brand":[],"product_cat":[620,255],"product_tag":[624,259,625,256,268,258,626],"class_list":{"0":"post-22831","1":"product","2":"type-product","3":"status-publish","4":"has-post-thumbnail","6":"product_cat-aquarell-malkurs","7":"product_cat-gutscheine","8":"product_tag-aquarell-malkurs","9":"product_tag-gutschein","10":"product_tag-gutschein-aquarell","11":"product_tag-malkurs-gutschein","12":"product_tag-gutschein-zeichenkurs","13":"product_tag-malkurs","14":"product_tag-malkurs-freiburg","16":"entry","17":"has-media","19":"first","20":"instock","21":"downloadable","22":"virtual","23":"sold-individually","24":"purchasable","25":"product-type-simple","26":"has-product-nav","27":"col","28":"span_1_of_3","29":"owp-content-center","30":"owp-thumbs-layout-horizontal","31":"owp-btn-normal","32":"owp-tabs-layout-horizontal","33":"has-no-thumbnails"},"jetpack_sharing_enabled":true,"_links":{"self":[{"href":"https:\/\/artex-studio.de\/en\/wp-json\/wp\/v2\/product\/22831","targetHints":{"allow":["GET"]}}],"collection":[{"href":"https:\/\/artex-studio.de\/en\/wp-json\/wp\/v2\/product"}],"about":[{"href":"https:\/\/artex-studio.de\/en\/wp-json\/wp\/v2\/types\/product"}],"replies":[{"embeddable":true,"href":"https:\/\/artex-studio.de\/en\/wp-json\/wp\/v2\/comments?post=22831"}],"version-history":[{"count":5,"href":"https:\/\/artex-studio.de\/en\/wp-json\/wp\/v2\/product\/22831\/revisions"}],"predecessor-version":[{"id":22841,"href":"https:\/\/artex-studio.de\/en\/wp-json\/wp\/v2\/product\/22831\/revisions\/22841"}],"wp:featuredmedia":[{"embeddable":true,"href":"https:\/\/artex-studio.de\/en\/wp-json\/wp\/v2\/media\/8112"}],"wp:attachment":[{"href":"https:\/\/artex-studio.de\/en\/wp-json\/wp\/v2\/media?parent=22831"}],"wp:term":[{"taxonomy":"product_brand","embeddable":true,"href":"https:\/\/artex-studio.de\/en\/wp-json\/wp\/v2\/product_brand?post=22831"},{"taxonomy":"product_cat","embeddable":true,"href":"https:\/\/artex-studio.de\/en\/wp-json\/wp\/v2\/product_cat?post=22831"},{"taxonomy":"product_tag","embeddable":true,"href":"https:\/\/artex-studio.de\/en\/wp-json\/wp\/v2\/product_tag?post=22831"}],"curies":[{"name":"wp","href":"https:\/\/api.w.org\/{rel}","templated":true}]}}