{"id":1889,"date":"2021-05-17T16:25:52","date_gmt":"2021-05-17T16:25:52","guid":{"rendered":"https:\/\/artex-studio.de\/?post_type=product&#038;p=1889"},"modified":"2021-06-10T15:45:49","modified_gmt":"2021-06-10T15:45:49","slug":"waldlichtung-oelmalerei-30-x-40-cm","status":"publish","type":"product","link":"https:\/\/artex-studio.de\/en\/product\/waldlichtung-oelmalerei-30-x-40-cm\/","title":{"rendered":"Waldlichtung, \u00d6lmalerei"},"content":{"rendered":"<h2>Waldlichtung, \u00d6lmalerei, 30 x 40 cm<\/h2>\n<p class=\"p1\"><span class=\"s1\">\u00d6lfarben auf Leinwand. <\/span><span class=\"s1\">Gr\u00f6\u00dfe: 30 x 40 cm.<br \/>\n<\/span><span class=\"s1\">Autor: Y. Vershinskaya.<br \/>\n<\/span><span class=\"s1\">Das Gem\u00e4lde entstand als Demonstration w\u00e4hrend eines Kurses f\u00fcr \u00d6lmalerei &#8222;Landschaften&#8220;.<\/span><\/p>","protected":false},"excerpt":{"rendered":"<h3 class=\"p1\"><span class=\"s1\">Demonstrations-Bild.<\/span><\/h3>\n<p class=\"p1\"><span class=\"s1\">\u00d6lfarben auf Leinwand.<br \/>\nLeinwand: 100% Baumwolle.<br \/>\nKeilrahmen: Holzleisten, ca. 3 x 2,5 cm. Keilrahmengr\u00f6\u00dfe: 30 x 40 cm<\/span><\/p>","protected":false},"featured_media":1890,"comment_status":"open","ping_status":"closed","template":"","meta":{"ocean_post_layout":"","ocean_both_sidebars_style":"","ocean_both_sidebars_content_width":0,"ocean_both_sidebars_sidebars_width":0,"ocean_sidebar":"0","ocean_second_sidebar":"0","ocean_disable_margins":"enable","ocean_add_body_class":"","ocean_shortcode_before_top_bar":"","ocean_shortcode_after_top_bar":"","ocean_shortcode_before_header":"","ocean_shortcode_after_header":"","ocean_has_shortcode":"","ocean_shortcode_after_title":"","ocean_shortcode_before_footer_widgets":"","ocean_shortcode_after_footer_widgets":"","ocean_shortcode_before_footer_bottom":"","ocean_shortcode_after_footer_bottom":"","ocean_display_top_bar":"default","ocean_display_header":"default","ocean_header_style":"","ocean_center_header_left_menu":"0","ocean_custom_header_template":"0","ocean_custom_logo":0,"ocean_custom_retina_logo":0,"ocean_custom_logo_max_width":0,"ocean_custom_logo_tablet_max_width":0,"ocean_custom_logo_mobile_max_width":0,"ocean_custom_logo_max_height":0,"ocean_custom_logo_tablet_max_height":0,"ocean_custom_logo_mobile_max_height":0,"ocean_header_custom_menu":"0","ocean_menu_typo_font_family":"0","ocean_menu_typo_font_subset":"","ocean_menu_typo_font_size":0,"ocean_menu_typo_font_size_tablet":0,"ocean_menu_typo_font_size_mobile":0,"ocean_menu_typo_font_size_unit":"px","ocean_menu_typo_font_weight":"","ocean_menu_typo_font_weight_tablet":"","ocean_menu_typo_font_weight_mobile":"","ocean_menu_typo_transform":"","ocean_menu_typo_transform_tablet":"","ocean_menu_typo_transform_mobile":"","ocean_menu_typo_line_height":0,"ocean_menu_typo_line_height_tablet":0,"ocean_menu_typo_line_height_mobile":0,"ocean_menu_typo_line_height_unit":"","ocean_menu_typo_spacing":0,"ocean_menu_typo_spacing_tablet":0,"ocean_menu_typo_spacing_mobile":0,"ocean_menu_typo_spacing_unit":"","ocean_menu_link_color":"","ocean_menu_link_color_hover":"","ocean_menu_link_color_active":"","ocean_menu_link_background":"","ocean_menu_link_hover_background":"","ocean_menu_link_active_background":"","ocean_menu_social_links_bg":"","ocean_menu_social_hover_links_bg":"","ocean_menu_social_links_color":"","ocean_menu_social_hover_links_color":"","ocean_disable_title":"default","ocean_disable_heading":"default","ocean_post_title":"","ocean_post_subheading":"","ocean_post_title_style":"","ocean_post_title_background_color":"","ocean_post_title_background":0,"ocean_post_title_bg_image_position":"","ocean_post_title_bg_image_attachment":"","ocean_post_title_bg_image_repeat":"","ocean_post_title_bg_image_size":"","ocean_post_title_height":0,"ocean_post_title_bg_overlay":0.5,"ocean_post_title_bg_overlay_color":"","ocean_disable_breadcrumbs":"default","ocean_breadcrumbs_color":"","ocean_breadcrumbs_separator_color":"","ocean_breadcrumbs_links_color":"","ocean_breadcrumbs_links_hover_color":"","ocean_display_footer_widgets":"default","ocean_display_footer_bottom":"default","ocean_custom_footer_template":"0"},"product_brand":[],"product_cat":[149,148],"product_tag":[163,153,150,164,162],"class_list":{"0":"post-1889","1":"product","2":"type-product","3":"status-publish","4":"has-post-thumbnail","6":"product_cat-landschaften","7":"product_cat-oelmalerei","8":"product_tag-baum","9":"product_tag-landschaft","10":"product_tag-oelmalerei","11":"product_tag-schwarzwald","12":"product_tag-wald","14":"entry","15":"has-media","17":"first","18":"instock","19":"sold-individually","20":"shipping-taxable","21":"purchasable","22":"product-type-simple","23":"has-product-nav","24":"col","25":"span_1_of_3","26":"owp-content-center","27":"owp-thumbs-layout-horizontal","28":"owp-btn-normal","29":"owp-tabs-layout-horizontal","30":"has-no-thumbnails"},"jetpack_sharing_enabled":true,"_links":{"self":[{"href":"https:\/\/artex-studio.de\/en\/wp-json\/wp\/v2\/product\/1889","targetHints":{"allow":["GET"]}}],"collection":[{"href":"https:\/\/artex-studio.de\/en\/wp-json\/wp\/v2\/product"}],"about":[{"href":"https:\/\/artex-studio.de\/en\/wp-json\/wp\/v2\/types\/product"}],"replies":[{"embeddable":true,"href":"https:\/\/artex-studio.de\/en\/wp-json\/wp\/v2\/comments?post=1889"}],"version-history":[{"count":5,"href":"https:\/\/artex-studio.de\/en\/wp-json\/wp\/v2\/product\/1889\/revisions"}],"predecessor-version":[{"id":2640,"href":"https:\/\/artex-studio.de\/en\/wp-json\/wp\/v2\/product\/1889\/revisions\/2640"}],"wp:featuredmedia":[{"embeddable":true,"href":"https:\/\/artex-studio.de\/en\/wp-json\/wp\/v2\/media\/1890"}],"wp:attachment":[{"href":"https:\/\/artex-studio.de\/en\/wp-json\/wp\/v2\/media?parent=1889"}],"wp:term":[{"taxonomy":"product_brand","embeddable":true,"href":"https:\/\/artex-studio.de\/en\/wp-json\/wp\/v2\/product_brand?post=1889"},{"taxonomy":"product_cat","embeddable":true,"href":"https:\/\/artex-studio.de\/en\/wp-json\/wp\/v2\/product_cat?post=1889"},{"taxonomy":"product_tag","embeddable":true,"href":"https:\/\/artex-studio.de\/en\/wp-json\/wp\/v2\/product_tag?post=1889"}],"curies":[{"name":"wp","href":"https:\/\/api.w.org\/{rel}","templated":true}]}}